{"id":765,"date":"2011-09-16T14:09:12","date_gmt":"2011-09-16T12:09:12","guid":{"rendered":"http:\/\/www.slootervastgoed.com\/oportunidades-de-construcao"},"modified":"2016-10-27T16:23:56","modified_gmt":"2016-10-27T14:23:56","slug":"oportunidades-de-construcao","status":"publish","type":"page","link":"https:\/\/www.slootervastgoed.com\/pt-pt\/oportunidades-de-construcao","title":{"rendered":"Oportunidades de constru\u00e7\u00e3o"},"content":{"rendered":"<p>De acordo com os arquitetos, temos as seguintes op\u00e7\u00f5es para a constru\u00e7\u00e3o de voc\u00ea colocar em uma lista. Quando o potencial \u00e9 mostrado tamb\u00e9m que o custo para esse plano, voc\u00ea pode esperar.<\/p>\n<p><a class=\"colorbox\" title=\"Bouwmogelijkheden Casa Pronta\" href=\"http:\/\/www.slootervastgoed.com\/wp-content\/uploads\/2011\/09\/CASA PRONTA ERA A4_VIANA.pdf\"><img decoding=\"async\" loading=\"lazy\" class=\"alignnone\" title=\"Casa Pronta\" src=\"http:\/\/www.slootervastgoed.com\/wp-content\/uploads\/2011\/09\/Casa-Pronta.jpg\" alt=\"\" width=\"300\" height=\"420\" \/><\/a><\/p>\n<p><a class=\"colorbox\" title=\"Bouwmogelijkheden stuk grond te Lanheses\" href=\"http:\/\/www.slootervastgoed.com\/wp-content\/uploads\/2011\/09\/Lanheses.pdf\"><img decoding=\"async\" loading=\"lazy\" class=\"alignnone\" title=\"Casa Pronta\" src=\"http:\/\/www.slootervastgoed.com\/wp-content\/uploads\/2011\/09\/Lanheses.jpg\" alt=\"\" width=\"300\" height=\"420\" \/><\/a><\/p>\n<p>Construindo Oportunidades para a terra para Lanheses. Clique <a title=\"Mooi stuk grond met kleine woning\" href=\"http:\/\/www.slootervastgoed.com\/test.php\/mooi-stuk-grond-met-kleine-woning\">aqui<\/a> para ver a terra<\/p>\n","protected":false},"excerpt":{"rendered":"<p>De acordo com os arquitetos, temos as seguintes op\u00e7\u00f5es para a constru\u00e7\u00e3o de voc\u00ea colocar em uma lista. Quando o potencial \u00e9 mostrado tamb\u00e9m que o custo para esse plano, &hellip; <a href=\"https:\/\/www.slootervastgoed.com\/pt-pt\/oportunidades-de-construcao\">Continue reading <span class=\"meta-nav\">&rarr;<\/span><\/a><\/p>\n","protected":false},"author":3,"featured_media":0,"parent":0,"menu_order":9,"comment_status":"closed","ping_status":"closed","template":"","meta":[],"yoast_head":"<!-- This site is optimized with the Yoast SEO plugin v19.10 - https:\/\/yoast.com\/wordpress\/plugins\/seo\/ -->\n<title>Reale Estate Portugal - Bouwmogelijkheden<\/title>\n<meta name=\"description\" content=\"In overeenstemming met architecten hebben wij de volgende bouwmogelijkheden voor u op een rijtje gezet. Bij de mogelijkheden staat tevens het kostenplaatje dat u voor het desbetreffende plan kunt verwachten vermeldt\" \/>\n<meta name=\"robots\" content=\"index, follow, max-snippet:-1, max-image-preview:large, max-video-preview:-1\" \/>\n<link rel=\"canonical\" href=\"https:\/\/www.slootervastgoed.com\/pt-pt\/oportunidades-de-construcao\" \/>\n<meta property=\"og:locale\" content=\"pt_PT\" \/>\n<meta property=\"og:type\" content=\"article\" \/>\n<meta property=\"og:title\" content=\"Reale Estate Portugal - Bouwmogelijkheden\" \/>\n<meta property=\"og:description\" content=\"In overeenstemming met architecten hebben wij de volgende bouwmogelijkheden voor u op een rijtje gezet. Bij de mogelijkheden staat tevens het kostenplaatje dat u voor het desbetreffende plan kunt verwachten vermeldt\" \/>\n<meta property=\"og:url\" content=\"https:\/\/www.slootervastgoed.com\/pt-pt\/oportunidades-de-construcao\" \/>\n<meta property=\"og:site_name\" content=\"Slooter Vastgoed Lda\" \/>\n<meta property=\"article:modified_time\" content=\"2016-10-27T14:23:56+00:00\" \/>\n<meta property=\"og:image\" content=\"http:\/\/www.slootervastgoed.com\/wp-content\/uploads\/2011\/09\/Casa-Pronta.jpg\" \/>\n<script type=\"application\/ld+json\" class=\"yoast-schema-graph\">{\"@context\":\"https:\/\/schema.org\",\"@graph\":[{\"@type\":\"WebPage\",\"@id\":\"https:\/\/www.slootervastgoed.com\/pt-pt\/oportunidades-de-construcao\",\"url\":\"https:\/\/www.slootervastgoed.com\/pt-pt\/oportunidades-de-construcao\",\"name\":\"Reale Estate Portugal - Bouwmogelijkheden\",\"isPartOf\":{\"@id\":\"https:\/\/www.slootervastgoed.com\/#website\"},\"datePublished\":\"2011-09-16T12:09:12+00:00\",\"dateModified\":\"2016-10-27T14:23:56+00:00\",\"description\":\"In overeenstemming met architecten hebben wij de volgende bouwmogelijkheden voor u op een rijtje gezet. Bij de mogelijkheden staat tevens het kostenplaatje dat u voor het desbetreffende plan kunt verwachten vermeldt\",\"breadcrumb\":{\"@id\":\"https:\/\/www.slootervastgoed.com\/pt-pt\/oportunidades-de-construcao#breadcrumb\"},\"inLanguage\":\"pt-PT\",\"potentialAction\":[{\"@type\":\"ReadAction\",\"target\":[\"https:\/\/www.slootervastgoed.com\/pt-pt\/oportunidades-de-construcao\"]}]},{\"@type\":\"BreadcrumbList\",\"@id\":\"https:\/\/www.slootervastgoed.com\/pt-pt\/oportunidades-de-construcao#breadcrumb\",\"itemListElement\":[{\"@type\":\"ListItem\",\"position\":1,\"name\":\"Home\",\"item\":\"https:\/\/www.slootervastgoed.com\/pt-pt\"},{\"@type\":\"ListItem\",\"position\":2,\"name\":\"Oportunidades de constru\u00e7\u00e3o\"}]},{\"@type\":\"WebSite\",\"@id\":\"https:\/\/www.slootervastgoed.com\/#website\",\"url\":\"https:\/\/www.slootervastgoed.com\/\",\"name\":\"Slooter Vastgoed Lda\",\"description\":\"\",\"potentialAction\":[{\"@type\":\"SearchAction\",\"target\":{\"@type\":\"EntryPoint\",\"urlTemplate\":\"https:\/\/www.slootervastgoed.com\/?s={search_term_string}\"},\"query-input\":\"required name=search_term_string\"}],\"inLanguage\":\"pt-PT\"}]}<\/script>\n<!-- \/ Yoast SEO plugin. -->","yoast_head_json":{"title":"Reale Estate Portugal - Bouwmogelijkheden","description":"In overeenstemming met architecten hebben wij de volgende bouwmogelijkheden voor u op een rijtje gezet. Bij de mogelijkheden staat tevens het kostenplaatje dat u voor het desbetreffende plan kunt verwachten vermeldt","robots":{"index":"index","follow":"follow","max-snippet":"max-snippet:-1","max-image-preview":"max-image-preview:large","max-video-preview":"max-video-preview:-1"},"canonical":"https:\/\/www.slootervastgoed.com\/pt-pt\/oportunidades-de-construcao","og_locale":"pt_PT","og_type":"article","og_title":"Reale Estate Portugal - Bouwmogelijkheden","og_description":"In overeenstemming met architecten hebben wij de volgende bouwmogelijkheden voor u op een rijtje gezet. Bij de mogelijkheden staat tevens het kostenplaatje dat u voor het desbetreffende plan kunt verwachten vermeldt","og_url":"https:\/\/www.slootervastgoed.com\/pt-pt\/oportunidades-de-construcao","og_site_name":"Slooter Vastgoed Lda","article_modified_time":"2016-10-27T14:23:56+00:00","og_image":[{"url":"http:\/\/www.slootervastgoed.com\/wp-content\/uploads\/2011\/09\/Casa-Pronta.jpg"}],"schema":{"@context":"https:\/\/schema.org","@graph":[{"@type":"WebPage","@id":"https:\/\/www.slootervastgoed.com\/pt-pt\/oportunidades-de-construcao","url":"https:\/\/www.slootervastgoed.com\/pt-pt\/oportunidades-de-construcao","name":"Reale Estate Portugal - Bouwmogelijkheden","isPartOf":{"@id":"https:\/\/www.slootervastgoed.com\/#website"},"datePublished":"2011-09-16T12:09:12+00:00","dateModified":"2016-10-27T14:23:56+00:00","description":"In overeenstemming met architecten hebben wij de volgende bouwmogelijkheden voor u op een rijtje gezet. Bij de mogelijkheden staat tevens het kostenplaatje dat u voor het desbetreffende plan kunt verwachten vermeldt","breadcrumb":{"@id":"https:\/\/www.slootervastgoed.com\/pt-pt\/oportunidades-de-construcao#breadcrumb"},"inLanguage":"pt-PT","potentialAction":[{"@type":"ReadAction","target":["https:\/\/www.slootervastgoed.com\/pt-pt\/oportunidades-de-construcao"]}]},{"@type":"BreadcrumbList","@id":"https:\/\/www.slootervastgoed.com\/pt-pt\/oportunidades-de-construcao#breadcrumb","itemListElement":[{"@type":"ListItem","position":1,"name":"Home","item":"https:\/\/www.slootervastgoed.com\/pt-pt"},{"@type":"ListItem","position":2,"name":"Oportunidades de constru\u00e7\u00e3o"}]},{"@type":"WebSite","@id":"https:\/\/www.slootervastgoed.com\/#website","url":"https:\/\/www.slootervastgoed.com\/","name":"Slooter Vastgoed Lda","description":"","potentialAction":[{"@type":"SearchAction","target":{"@type":"EntryPoint","urlTemplate":"https:\/\/www.slootervastgoed.com\/?s={search_term_string}"},"query-input":"required name=search_term_string"}],"inLanguage":"pt-PT"}]}},"_links":{"self":[{"href":"https:\/\/www.slootervastgoed.com\/pt-pt\/wp-json\/wp\/v2\/pages\/765"}],"collection":[{"href":"https:\/\/www.slootervastgoed.com\/pt-pt\/wp-json\/wp\/v2\/pages"}],"about":[{"href":"https:\/\/www.slootervastgoed.com\/pt-pt\/wp-json\/wp\/v2\/types\/page"}],"author":[{"embeddable":true,"href":"https:\/\/www.slootervastgoed.com\/pt-pt\/wp-json\/wp\/v2\/users\/3"}],"replies":[{"embeddable":true,"href":"https:\/\/www.slootervastgoed.com\/pt-pt\/wp-json\/wp\/v2\/comments?post=765"}],"version-history":[{"count":1,"href":"https:\/\/www.slootervastgoed.com\/pt-pt\/wp-json\/wp\/v2\/pages\/765\/revisions"}],"predecessor-version":[{"id":848,"href":"https:\/\/www.slootervastgoed.com\/pt-pt\/wp-json\/wp\/v2\/pages\/765\/revisions\/848"}],"wp:attachment":[{"href":"https:\/\/www.slootervastgoed.com\/pt-pt\/wp-json\/wp\/v2\/media?parent=765"}],"curies":[{"name":"wp","href":"https:\/\/api.w.org\/{rel}","templated":true}]}}