{"id":753,"date":"2011-09-08T11:28:11","date_gmt":"2011-09-08T11:28:11","guid":{"rendered":"http:\/\/www.slootervastgoed.com\/home-3"},"modified":"2016-10-27T16:23:57","modified_gmt":"2016-10-27T14:23:57","slug":"home-3","status":"publish","type":"page","link":"https:\/\/www.slootervastgoed.com\/pt-pt","title":{"rendered":"Home"},"content":{"rendered":"<h1 class=\"entry-title\">Portugal Real Estate<\/h1>\n<p>A empresa Slooter Vastgoed Lda, t\u00eam v\u00e1rios apartamentos para vender ou alugar na costa Norte de Portugal.<br \/>\nEstes apartamentos s\u00e3o um excelente investimento para depois da sua reforma.<br \/>\nAl\u00e9m disto, temos tamb\u00e9m para venda terrenos para constru\u00e7\u00e3o, onde voc\u00ea pode construir a casa dos seus sonhos!<\/p>\n<p>A Slooter Vastgoed Lda, acompanha-o desde a primeira visita, passando pelo Not\u00e1rio&#8230; at\u00e9 \u00e0 instala\u00e7\u00e3o de \u00e1gua, luz, g\u00e1s, etc, no seu im\u00f3vel. Se pretender um Advogado para tratar da sua documenta\u00e7\u00e3o, n\u00f3s tamb\u00e9m o ajudamos!<\/p>\n<p>A Slooter Vastgoed Lda, coopera em Portugal com a Imobili\u00e1ria Bambu e a ERA. Alguns dos seus im\u00f3veis est\u00e3o no nosso Portf\u00f3lio. E se voc\u00ea deseja outro tipo de im\u00f3vel, um dos seus agentes contactar\u00e1 consigo e responder\u00e1 \u00e0s suas necessidades.<\/p>\n<p>A Slooter Vastgoed Lda, tamb\u00e9m trabalha com um Gabinete de Arquitectura, onde poder\u00e1 escolher entre uma variedade de projectos, e tamb\u00e9m qual o projecto que se adequa ao terreno que voc\u00ea pretende.<\/p>\n<p>Para mais informa\u00e7\u00f5es, pode entrar em contacto connosco. Responderemos o mais r\u00e1pido possivel.<\/p>\n","protected":false},"excerpt":{"rendered":"<p>Portugal Real Estate A empresa Slooter Vastgoed Lda, t\u00eam v\u00e1rios apartamentos para vender ou alugar na costa Norte de Portugal. Estes apartamentos s\u00e3o um excelente investimento para depois da sua &hellip; <a href=\"https:\/\/www.slootervastgoed.com\/pt-pt\">Continue reading <span class=\"meta-nav\">&rarr;<\/span><\/a><\/p>\n","protected":false},"author":3,"featured_media":0,"parent":0,"menu_order":1,"comment_status":"closed","ping_status":"closed","template":"","meta":[],"yoast_head":"<!-- This site is optimized with the Yoast SEO plugin v19.10 - https:\/\/yoast.com\/wordpress\/plugins\/seo\/ -->\n<title>Slooter Vastgoed Lda - Home<\/title>\n<meta name=\"description\" content=\"Slooter Vastgoed Lda heeft in Noord Portugal een aantal appartementen aan de kust te koop en te huur. Deze appartementen zijn onder andere voor een DGA prima geschikt als pensioenbelegging! Tevens heeft Slooter Vastgoed Lda regelmatig percelen bouwgrond in haar portefeuille waar u zelf nog een huis op kunt bouwen.\" \/>\n<meta name=\"robots\" content=\"index, follow, max-snippet:-1, max-image-preview:large, max-video-preview:-1\" \/>\n<link rel=\"canonical\" href=\"https:\/\/www.slootervastgoed.com\/pt-pt\" \/>\n<meta property=\"og:locale\" content=\"pt_PT\" \/>\n<meta property=\"og:type\" content=\"article\" \/>\n<meta property=\"og:title\" content=\"Slooter Vastgoed Lda - Home\" \/>\n<meta property=\"og:description\" content=\"Slooter Vastgoed Lda heeft in Noord Portugal een aantal appartementen aan de kust te koop en te huur. Deze appartementen zijn onder andere voor een DGA prima geschikt als pensioenbelegging! Tevens heeft Slooter Vastgoed Lda regelmatig percelen bouwgrond in haar portefeuille waar u zelf nog een huis op kunt bouwen.\" \/>\n<meta property=\"og:url\" content=\"https:\/\/www.slootervastgoed.com\/pt-pt\" \/>\n<meta property=\"og:site_name\" content=\"Slooter Vastgoed Lda\" \/>\n<meta property=\"article:modified_time\" content=\"2016-10-27T14:23:57+00:00\" \/>\n<meta name=\"twitter:label1\" content=\"Tempo estimado de leitura\" \/>\n\t<meta name=\"twitter:data1\" content=\"1 minuto\" \/>\n<script type=\"application\/ld+json\" class=\"yoast-schema-graph\">{\"@context\":\"https:\/\/schema.org\",\"@graph\":[{\"@type\":\"WebPage\",\"@id\":\"https:\/\/www.slootervastgoed.com\/pt-pt\",\"url\":\"https:\/\/www.slootervastgoed.com\/pt-pt\",\"name\":\"Slooter Vastgoed Lda - Home\",\"isPartOf\":{\"@id\":\"https:\/\/www.slootervastgoed.com\/#website\"},\"datePublished\":\"2011-09-08T11:28:11+00:00\",\"dateModified\":\"2016-10-27T14:23:57+00:00\",\"description\":\"Slooter Vastgoed Lda heeft in Noord Portugal een aantal appartementen aan de kust te koop en te huur. Deze appartementen zijn onder andere voor een DGA prima geschikt als pensioenbelegging! Tevens heeft Slooter Vastgoed Lda regelmatig percelen bouwgrond in haar portefeuille waar u zelf nog een huis op kunt bouwen.\",\"breadcrumb\":{\"@id\":\"https:\/\/www.slootervastgoed.com\/pt-pt#breadcrumb\"},\"inLanguage\":\"pt-PT\",\"potentialAction\":[{\"@type\":\"ReadAction\",\"target\":[\"https:\/\/www.slootervastgoed.com\/pt-pt\"]}]},{\"@type\":\"BreadcrumbList\",\"@id\":\"https:\/\/www.slootervastgoed.com\/pt-pt#breadcrumb\",\"itemListElement\":[{\"@type\":\"ListItem\",\"position\":1,\"name\":\"Home\",\"item\":\"https:\/\/www.slootervastgoed.com\/pt-pt\"},{\"@type\":\"ListItem\",\"position\":2,\"name\":\"Home\"}]},{\"@type\":\"WebSite\",\"@id\":\"https:\/\/www.slootervastgoed.com\/#website\",\"url\":\"https:\/\/www.slootervastgoed.com\/\",\"name\":\"Slooter Vastgoed Lda\",\"description\":\"\",\"potentialAction\":[{\"@type\":\"SearchAction\",\"target\":{\"@type\":\"EntryPoint\",\"urlTemplate\":\"https:\/\/www.slootervastgoed.com\/?s={search_term_string}\"},\"query-input\":\"required name=search_term_string\"}],\"inLanguage\":\"pt-PT\"}]}<\/script>\n<!-- \/ Yoast SEO plugin. -->","yoast_head_json":{"title":"Slooter Vastgoed Lda - Home","description":"Slooter Vastgoed Lda heeft in Noord Portugal een aantal appartementen aan de kust te koop en te huur. Deze appartementen zijn onder andere voor een DGA prima geschikt als pensioenbelegging! Tevens heeft Slooter Vastgoed Lda regelmatig percelen bouwgrond in haar portefeuille waar u zelf nog een huis op kunt bouwen.","robots":{"index":"index","follow":"follow","max-snippet":"max-snippet:-1","max-image-preview":"max-image-preview:large","max-video-preview":"max-video-preview:-1"},"canonical":"https:\/\/www.slootervastgoed.com\/pt-pt","og_locale":"pt_PT","og_type":"article","og_title":"Slooter Vastgoed Lda - Home","og_description":"Slooter Vastgoed Lda heeft in Noord Portugal een aantal appartementen aan de kust te koop en te huur. Deze appartementen zijn onder andere voor een DGA prima geschikt als pensioenbelegging! Tevens heeft Slooter Vastgoed Lda regelmatig percelen bouwgrond in haar portefeuille waar u zelf nog een huis op kunt bouwen.","og_url":"https:\/\/www.slootervastgoed.com\/pt-pt","og_site_name":"Slooter Vastgoed Lda","article_modified_time":"2016-10-27T14:23:57+00:00","twitter_misc":{"Tempo estimado de leitura":"1 minuto"},"schema":{"@context":"https:\/\/schema.org","@graph":[{"@type":"WebPage","@id":"https:\/\/www.slootervastgoed.com\/pt-pt","url":"https:\/\/www.slootervastgoed.com\/pt-pt","name":"Slooter Vastgoed Lda - Home","isPartOf":{"@id":"https:\/\/www.slootervastgoed.com\/#website"},"datePublished":"2011-09-08T11:28:11+00:00","dateModified":"2016-10-27T14:23:57+00:00","description":"Slooter Vastgoed Lda heeft in Noord Portugal een aantal appartementen aan de kust te koop en te huur. Deze appartementen zijn onder andere voor een DGA prima geschikt als pensioenbelegging! Tevens heeft Slooter Vastgoed Lda regelmatig percelen bouwgrond in haar portefeuille waar u zelf nog een huis op kunt bouwen.","breadcrumb":{"@id":"https:\/\/www.slootervastgoed.com\/pt-pt#breadcrumb"},"inLanguage":"pt-PT","potentialAction":[{"@type":"ReadAction","target":["https:\/\/www.slootervastgoed.com\/pt-pt"]}]},{"@type":"BreadcrumbList","@id":"https:\/\/www.slootervastgoed.com\/pt-pt#breadcrumb","itemListElement":[{"@type":"ListItem","position":1,"name":"Home","item":"https:\/\/www.slootervastgoed.com\/pt-pt"},{"@type":"ListItem","position":2,"name":"Home"}]},{"@type":"WebSite","@id":"https:\/\/www.slootervastgoed.com\/#website","url":"https:\/\/www.slootervastgoed.com\/","name":"Slooter Vastgoed Lda","description":"","potentialAction":[{"@type":"SearchAction","target":{"@type":"EntryPoint","urlTemplate":"https:\/\/www.slootervastgoed.com\/?s={search_term_string}"},"query-input":"required name=search_term_string"}],"inLanguage":"pt-PT"}]}},"_links":{"self":[{"href":"https:\/\/www.slootervastgoed.com\/pt-pt\/wp-json\/wp\/v2\/pages\/753"}],"collection":[{"href":"https:\/\/www.slootervastgoed.com\/pt-pt\/wp-json\/wp\/v2\/pages"}],"about":[{"href":"https:\/\/www.slootervastgoed.com\/pt-pt\/wp-json\/wp\/v2\/types\/page"}],"author":[{"embeddable":true,"href":"https:\/\/www.slootervastgoed.com\/pt-pt\/wp-json\/wp\/v2\/users\/3"}],"replies":[{"embeddable":true,"href":"https:\/\/www.slootervastgoed.com\/pt-pt\/wp-json\/wp\/v2\/comments?post=753"}],"version-history":[{"count":1,"href":"https:\/\/www.slootervastgoed.com\/pt-pt\/wp-json\/wp\/v2\/pages\/753\/revisions"}],"predecessor-version":[{"id":852,"href":"https:\/\/www.slootervastgoed.com\/pt-pt\/wp-json\/wp\/v2\/pages\/753\/revisions\/852"}],"wp:attachment":[{"href":"https:\/\/www.slootervastgoed.com\/pt-pt\/wp-json\/wp\/v2\/media?parent=753"}],"curies":[{"name":"wp","href":"https:\/\/api.w.org\/{rel}","templated":true}]}}